{"id":41,"date":"2024-05-12T17:26:58","date_gmt":"2024-05-12T09:26:58","guid":{"rendered":"https:\/\/radiant-mobiluckyli.wordpress.com\/?page_id=41"},"modified":"2024-05-14T22:19:49","modified_gmt":"2024-05-14T14:19:49","slug":"41-2","status":"publish","type":"page","link":"https:\/\/www.mobilucky.cn\/index.php\/41-2\/","title":{"rendered":""},"content":{"rendered":"\n<figure class=\"wp-block-image alignfull size-full has-custom-border is-style-default wp-duotone-unset-1\"><img decoding=\"async\" src=\"https:\/\/radiant-mobiluckyli.files.wordpress.com\/2024\/05\/001.png\" alt=\"\" class=\"wp-image-60\" style=\"border-style:none;border-width:0px\"\/><\/figure>\n\n\n\n<div class=\"wp-block-columns alignfull is-layout-flex wp-container-core-columns-is-layout-28f84493 wp-block-columns-is-layout-flex\">\n<div class=\"wp-block-column is-layout-flow wp-block-column-is-layout-flow\" style=\"flex-basis:100%\">\n<div class=\"wp-block-group has-global-padding is-layout-constrained wp-block-group-is-layout-constrained\">\n<div class=\"wp-block-columns alignfull is-not-stacked-on-mobile has-small-font-size is-layout-flex wp-container-core-columns-is-layout-28f84493 wp-block-columns-is-layout-flex\">\n<div class=\"wp-block-column has-medium-font-size is-layout-flow wp-block-column-is-layout-flow\" style=\"flex-basis:100%\">\n<div class=\"wp-block-group alignfull has-small-font-size has-global-padding is-layout-constrained wp-container-core-group-is-layout-e220c6fd wp-block-group-is-layout-constrained\" style=\"margin-top:0;margin-bottom:0;padding-top:calc( 0.5 * var(--wp--style--root--padding-right, var(--wp--custom--gap--horizontal)));padding-right:var(--wp--style--root--padding-right, var(--wp--custom--gap--horizontal));padding-bottom:calc( 0.5 * var(--wp--style--root--padding-right, var(--wp--custom--gap--horizontal)));padding-left:var(--wp--style--root--padding-left, var(--wp--custom--gap--horizontal))\">\n<div class=\"wp-block-columns alignfull has-white-color has-text-color has-link-color has-medium-font-size wp-elements-c179267fe00efa37ea3abd232a5f3629 is-layout-flex wp-container-core-columns-is-layout-ea69a204 wp-block-columns-is-layout-flex\">\n<div class=\"wp-block-column is-vertically-aligned-center has-black-background-color has-background has-small-font-size is-layout-flow wp-block-column-is-layout-flow\" style=\"flex-basis:100%\">\n<h2 class=\"wp-block-heading has-text-align-center has-contrast-color has-base-background-color has-text-color has-background has-link-color has-large-font-size wp-elements-8aa918bb547ca86142f02424a3de1292\">\u00a1Bienvenido a MobiLucky!<\/h2>\n\n\n\n<div class=\"wp-block-columns is-layout-flex wp-container-core-columns-is-layout-28f84493 wp-block-columns-is-layout-flex\">\n<div class=\"wp-block-column is-layout-flow wp-block-column-is-layout-flow\" style=\"flex-basis:100%\">\n<blockquote class=\"wp-block-quote is-layout-flow wp-block-quote-is-layout-flow\">\n<div class=\"wp-block-columns is-layout-flex wp-container-core-columns-is-layout-28f84493 wp-block-columns-is-layout-flex\">\n<div class=\"wp-block-column is-layout-flow wp-block-column-is-layout-flow\" style=\"flex-basis:100%\">\n<p class=\"has-text-align-center\">Somos una empresa comercial con experiencia y proveedor de servicios en China. Nuestros principales mercados son los mercados de Am\u00e9rica del Norte, Central y del Sur. Siempre compartimos nueva informaci\u00f3n con nuestros clientes. Ofrecemos productos de alta calidad y servicios excepcionales para mejorar la vida y crear un futuro m\u00e1s inteligente y sostenible.<\/p>\n<\/div>\n<\/div>\n<\/blockquote>\n<\/div>\n<\/div>\n<\/div>\n<\/div>\n\n\n\n<div style=\"height:0px;width:0px\" aria-hidden=\"true\" class=\"wp-block-spacer\"><\/div>\n\n\n\n<div class=\"wp-block-columns alignwide is-layout-flex wp-container-core-columns-is-layout-28f84493 wp-block-columns-is-layout-flex\">\n<div class=\"wp-block-column is-layout-flow wp-block-column-is-layout-flow\">\n<div class=\"wp-block-cover is-light has-vivid-green-cyan-color has-text-color has-link-color wp-elements-999246e7180e10f9e6021684d493a7f8 wp-duotone-unset-2\" style=\"border-width:2px;border-radius:50px\"><span aria-hidden=\"true\" class=\"wp-block-cover__background has-black-background-color has-background-dim-40 has-background-dim\"><\/span><img decoding=\"async\" class=\"wp-block-cover__image-background wp-image-73\" alt=\"\" src=\"https:\/\/radiant-mobiluckyli.files.wordpress.com\/2024\/05\/23-1.jpg\" style=\"object-position:16% 44%\" data-object-fit=\"cover\" data-object-position=\"16% 44%\"\/><div class=\"wp-block-cover__inner-container is-layout-flow wp-block-cover-is-layout-flow\">\n<p><\/p>\n\n\n\n<div class=\"wp-block-columns is-layout-flex wp-container-core-columns-is-layout-28f84493 wp-block-columns-is-layout-flex\">\n<div class=\"wp-block-column is-layout-flow wp-block-column-is-layout-flow\" style=\"flex-basis:100%\">\n<div class=\"wp-block-group is-layout-grid wp-container-core-group-is-layout-478b6e6b wp-block-group-is-layout-grid\">\n<div class=\"wp-block-group has-primary-color has-background-background-color has-text-color has-background has-link-color wp-elements-46419b2dcf13ec5b800a5150914d5313 is-layout-grid wp-container-core-group-is-layout-478b6e6b wp-block-group-is-layout-grid\" style=\"border-style:none;border-width:0px\">\n<div class=\"wp-block-group is-layout-grid wp-container-core-group-is-layout-a9535673 wp-block-group-is-layout-grid\">\n<div class=\"wp-block-group has-pale-ocean-gradient-background has-background is-layout-grid wp-container-core-group-is-layout-478b6e6b wp-block-group-is-layout-grid\">\n<div class=\"wp-block-group is-layout-grid wp-container-core-group-is-layout-bcb8ac2c wp-block-group-is-layout-grid\">\n<div class=\"wp-block-group has-background-background-color has-background is-layout-grid wp-container-core-group-is-layout-8da69725 wp-block-group-is-layout-grid\">\n<p class=\"has-white-color has-black-background-color has-text-color has-background has-link-color wp-elements-88bc43686de6b8b57ce24d8dab85878d\" style=\"font-size:12px\">AMiLADO, la divisi\u00f3n de suministro de electr\u00f3nica de MobiLucky, ofrece una amplia gama de productos y accesorios electr\u00f3nicos, desde dispositivos m\u00f3viles hasta sistemas de inteligente  del hogar.<\/p>\n<\/div>\n<\/div>\n<\/div>\n<\/div>\n<\/div>\n<\/div>\n<\/div>\n<\/div>\n<\/div><\/div>\n\n\n\n<h4 class=\"wp-block-heading has-custom-white-color has-text-color has-link-color has-medium-font-size wp-elements-d412b0a252df3994ebd41065015f430a\"><strong>Electronicos<\/strong>&#8211;<strong>AMiLADO<\/strong><\/h4>\n<\/div>\n\n\n\n<div class=\"wp-block-column is-layout-flow wp-block-column-is-layout-flow\">\n<div class=\"wp-block-cover is-light has-vivid-green-cyan-color has-text-color has-link-color wp-elements-1661a61b9c7af5fdb2e449f552abc22c\" style=\"border-width:2px;border-radius:50px\"><span aria-hidden=\"true\" class=\"wp-block-cover__background has-black-background-color has-background-dim\"><\/span><img loading=\"lazy\" decoding=\"async\" width=\"965\" height=\"994\" class=\"wp-block-cover__image-background wp-image-88\" alt=\"\" src=\"https:\/\/radiant-mobiluckyli.files.wordpress.com\/2024\/05\/25-1.jpg\" style=\"object-position:8% 10%\" data-object-fit=\"cover\" data-object-position=\"8% 10%\" srcset=\"https:\/\/www.mobilucky.cn\/wp-content\/uploads\/2024\/05\/25-1.jpg 965w, https:\/\/www.mobilucky.cn\/wp-content\/uploads\/2024\/05\/25-1-291x300.jpg 291w, https:\/\/www.mobilucky.cn\/wp-content\/uploads\/2024\/05\/25-1-768x791.jpg 768w, https:\/\/www.mobilucky.cn\/wp-content\/uploads\/2024\/05\/25-1-148x152.jpg 148w\" sizes=\"auto, (max-width: 965px) 100vw, 965px\" \/><div class=\"wp-block-cover__inner-container is-layout-flow wp-block-cover-is-layout-flow\">\n<p><\/p>\n\n\n\n<div class=\"wp-block-group has-background-background-color has-background is-layout-grid wp-container-core-group-is-layout-478b6e6b wp-block-group-is-layout-grid\">\n<p class=\"has-white-color has-black-background-color has-text-color has-background has-link-color wp-elements-e2f120c0c909aa69202b964422bd1d57\" style=\"font-size:0.8rem\">Nos especializamos en ofrecer soluciones innovadoras para ciudades inteligentes, incluyendo gesti\u00f3n de tr\u00e1fico, iluminaci\u00f3n inteligente, monitorizaci\u00f3n ambiental, servicios de salud inteligente y transporte inteligente.<\/p>\n<\/div>\n<\/div><\/div>\n\n\n\n<h4 class=\"wp-block-heading has-medium-font-size\"><strong>Servicios<\/strong>&#8211;<strong>MobiLucky<\/strong><\/h4>\n<\/div>\n\n\n\n<div class=\"wp-block-column is-layout-flow wp-block-column-is-layout-flow\">\n<div class=\"wp-block-cover is-light has-vivid-green-cyan-color has-text-color has-link-color wp-elements-86b24b1c01b7c37ea37f796c2301c238\" style=\"border-width:2px;border-radius:50px\"><span aria-hidden=\"true\" class=\"wp-block-cover__background has-black-background-color has-background-dim\"><\/span><img decoding=\"async\" class=\"wp-block-cover__image-background wp-image-96\" alt=\"\" src=\"https:\/\/radiant-mobiluckyli.files.wordpress.com\/2024\/05\/pexels-photo-906494.jpeg\" data-object-fit=\"cover\"\/><div class=\"wp-block-cover__inner-container is-layout-flow wp-block-cover-is-layout-flow\">\n<ul style=\"font-size:0.6rem\" class=\"has-white-color has-black-background-color has-text-color has-background has-link-color wp-block-list wp-elements-afdd252a6d1c80387cb23cad3dbb6b1d\">\n<li style=\"font-size:0.62rem\"><strong>Comprensi\u00f3n Profunda del Mercado<\/strong>: Entendemos profundamente el mercado de la tecnolog\u00eda y las tendencias emergentes para ofrecer productos y servicios de vanguardia.<\/li>\n\n\n\n<li style=\"font-size:0.62rem\"><strong>Productos de \u00daltima Generaci\u00f3n<\/strong>: Nuestros productos cumplen con los m\u00e1s altos est\u00e1ndares de calidad y rendimiento, garantizando las \u00faltimas tecnolog\u00edas disponibles en el mercado.<\/li>\n\n\n\n<li style=\"font-size:0.62rem\"><strong>Servicio Personalizado<\/strong>: Nos enorgullece ofrecer un servicio personalizado y centrado en el cliente para superar sus expectativas.<\/li>\n<\/ul>\n<\/div><\/div>\n\n\n\n<h4 class=\"wp-block-heading has-medium-font-size\"><strong>Por Qu\u00e9 Elegirnos<\/strong><\/h4>\n<\/div>\n<\/div>\n\n<meta name=\"google-site-verification\" content=\"DOtTq35Fn-E_4B_iRos55FArrS0Gyznb_chz6v44lhI\" \/>\n\n<div style=\"height:0px;width:0px\" aria-hidden=\"true\" class=\"wp-block-spacer\"><\/div>\n<\/div>\n<\/div>\n<\/div>\n<\/div>\n<\/div>\n<\/div>\n\n\n\n<div class=\"wp-block-columns alignfull is-layout-flex wp-container-core-columns-is-layout-28f84493 wp-block-columns-is-layout-flex\">\n<div class=\"wp-block-column is-layout-flow wp-block-column-is-layout-flow\" style=\"flex-basis:100%\">\n<div class=\"wp-block-columns are-vertically-aligned-center is-layout-flex wp-container-core-columns-is-layout-28f84493 wp-block-columns-is-layout-flex\">\n<div class=\"wp-block-column is-vertically-aligned-center is-layout-flow wp-block-column-is-layout-flow\" style=\"flex-basis:100%\">\n<div class=\"wp-block-group is-vertical is-layout-flex wp-container-core-group-is-layout-fe9cc265 wp-block-group-is-layout-flex\">\n<p class=\"has-black-color has-text-color has-link-color has-medium-font-size wp-elements-b13f16ea31b132b3886ba4bebbddb100\"><strong>Valores Fundamentales<\/strong><\/p>\n\n\n\n<ul class=\"has-white-color has-black-background-color has-text-color has-background has-link-color has-small-font-size wp-block-list wp-elements-7eeffbec8c6b6dd37c3fe7f964dfd62d\">\n<li>La integridad es el principio permanente. La idoneidad es la base de la cooperaci\u00f3n.<\/li>\n\n\n\n<li>Utilidad para el Cliente: Nos esforzamos por entender y satisfacer las necesidades de nuestros clientes, ayud\u00e1ndoles a crecer y prosperar en sus negocios.<\/li>\n\n\n\n<li>Colaboraci\u00f3n a Largo Plazo: Valoramos las relaciones a largo plazo con nuestros clientes, trabajando juntos para alcanzar objetivos comunes.<\/li>\n<\/ul>\n<\/div>\n<\/div>\n<\/div>\n<\/div>\n<\/div>\n\n\n\n<p><\/p>\n","protected":false},"excerpt":{"rendered":"<p>\u00a1Bienvenido a MobiLucky! Somos una empresa comercial co [&hellip;]<\/p>\n","protected":false},"author":1,"featured_media":0,"parent":0,"menu_order":0,"comment_status":"closed","ping_status":"closed","template":"","meta":{"footnotes":""},"class_list":["post-41","page","type-page","status-publish","hentry"],"_links":{"self":[{"href":"https:\/\/www.mobilucky.cn\/index.php\/wp-json\/wp\/v2\/pages\/41","targetHints":{"allow":["GET"]}}],"collection":[{"href":"https:\/\/www.mobilucky.cn\/index.php\/wp-json\/wp\/v2\/pages"}],"about":[{"href":"https:\/\/www.mobilucky.cn\/index.php\/wp-json\/wp\/v2\/types\/page"}],"author":[{"embeddable":true,"href":"https:\/\/www.mobilucky.cn\/index.php\/wp-json\/wp\/v2\/users\/1"}],"replies":[{"embeddable":true,"href":"https:\/\/www.mobilucky.cn\/index.php\/wp-json\/wp\/v2\/comments?post=41"}],"version-history":[{"count":23,"href":"https:\/\/www.mobilucky.cn\/index.php\/wp-json\/wp\/v2\/pages\/41\/revisions"}],"predecessor-version":[{"id":10324,"href":"https:\/\/www.mobilucky.cn\/index.php\/wp-json\/wp\/v2\/pages\/41\/revisions\/10324"}],"wp:attachment":[{"href":"https:\/\/www.mobilucky.cn\/index.php\/wp-json\/wp\/v2\/media?parent=41"}],"curies":[{"name":"wp","href":"https:\/\/api.w.org\/{rel}","templated":true}]}}